{"id":157,"date":"2022-10-20T14:58:29","date_gmt":"2022-10-20T19:58:29","guid":{"rendered":"https:\/\/quick.cl\/?page_id=157"},"modified":"2025-01-06T13:59:59","modified_gmt":"2025-01-06T18:59:59","slug":"politica","status":"publish","type":"page","link":"https:\/\/quick.cl\/en\/politica\/","title":{"rendered":"TERMS AND CONDITIONS OF USE OF THE WEBSITE"},"content":{"rendered":"<p><span style=\"font-size: revert; color: initial;\">Bienvenido al sitio web de Quick SpA, en adelante indistintamente \u201c<\/span><u style=\"font-size: revert; color: initial;\">Quick<\/u><span style=\"font-size: revert; color: initial;\">\u201d o la \u201c<\/span><u style=\"font-size: revert; color: initial;\">Compa\u00f1\u00eda<\/u><span style=\"font-size: revert; color: initial;\">\u201d, cuya direcci\u00f3n electr\u00f3nica es http:\/\/www.quick.cl en adelante &#8220;quick.cl\u201d. Al ingresar a este sitio web, para los efectos legales que correspondan, usted acepta y reconoce los presentes t\u00e9rminos y condiciones de uso, en adelante los &#8220;<\/span><u style=\"font-size: revert; color: initial;\">T\u00e9rminos y Condiciones<\/u><span style=\"font-size: revert; color: initial;\">&#8220;, que deber\u00e1n ser cumplidos por los usuarios de\u00a0quick.cl, en adelante indistintamente &#8220;<\/span><u style=\"font-size: revert; color: initial;\">Usted<\/u><span style=\"font-size: revert; color: initial;\">&#8221; o el &#8220;<\/span><u style=\"font-size: revert; color: initial;\">Usuario<\/u><span style=\"font-size: revert; color: initial;\">&#8220;.<\/span><\/p>\n<div class=\"zw-paginated zw-page\">\n<div class=\"zw-pagecontainer\">\n<div class=\"zw-content-wrapper\">\n<div class=\"selectableSection zw-contentpane\">\n<div class=\"zw-column-container\">\n<div class=\"zw-column\">\n<div class=\"zw-paragraph\" data-width=\"589.248\" data-textformat=\"{&quot;size&quot;:12}\">\n<div class=\"zw-line-div\">\n<div class=\"zw-line-content\">\n<p>Cabe precisar, que QUICK<strong>\u00a0<\/strong>revisa peri\u00f3dicamente los T\u00e9rminos y Condiciones, pudiendo modificarlos, produciendo ello efecto desde el momento en que son introducidos al texto. Cada vez que Usted acceda a quick.cl, lea cuidadosamente los T\u00e9rminos y Condiciones, ya que por el s\u00f3lo ingreso a los contenidos de quick.cl\u00a0(el \u201csitio web\u201d), Usted acepta y reconoce que los ha revisado y est\u00e1 de acuerdo con ellos.<\/p>\n<p><strong>Almacenamiento<\/strong><\/p>\n<p>Cuando el Usuario facilite sus datos de car\u00e1cter personal est\u00e1 autorizando expresamente a La Compa\u00f1\u00eda al tratamiento de sus Datos Personales para las finalidades que en los mismos se indiquen y al s\u00f3lo efecto del uso por parte de la Compa\u00f1\u00eda de conformidad con la normativa vigente de acuerdo a la legislaci\u00f3n chilena y en particular con la Ley N1 19.628 sobre Protecci\u00f3n de la Vida Privada y Protecci\u00f3n de datos de Car\u00e1cter Personal, as\u00ed como cualquier norma que la modifique o reemplace. Lo anterior, no obstante que, en todo momento el Usuario estar\u00e1 facultado para revocar la autorizaci\u00f3n para el uso de los Datos Personales, o actualizarlos, enviando un correo electr\u00f3nico en que solicite ello a <a href=\"mailto:sac@quick.cl\">sac@quick.cl<\/a>.<\/p>\n<p><strong>Confidencialidad<\/strong><\/p>\n<p>La Compa\u00f1\u00eda se compromete al cumplimiento de su obligaci\u00f3n de secreto de los datos de car\u00e1cter personal y de su deber de guardarlos de forma confidencial y adoptar\u00e1 las medidas necesarias para evitar su alteraci\u00f3n, p\u00e9rdida, tratamiento o acceso no autorizado, habida cuenta en todo momento del estado de la tecnolog\u00eda.<\/p>\n<p><strong>Observaciones del Usuario<\/strong><\/p>\n<p>El Usuario garantiza que la informaci\u00f3n, material, contenidos u observaciones que no sean sus propios datos personales y que sean facilitados a La Compa\u00f1\u00eda a trav\u00e9s del sitio Web, no infringen los derechos de propiedad intelectual o industrial de terceros, ni ninguna otra disposici\u00f3n legal. La informaci\u00f3n, materiales, contenidos u observaciones que el Usuario facilite a La Compa\u00f1\u00eda, se considerar\u00e1n no confidenciales, reserv\u00e1ndose La Compa\u00f1\u00eda el derecho a usarlas de la forma que considere m\u00e1s adecuada.<\/p>\n<p><strong>Cookies<\/strong><\/p>\n<p>Una cookie consiste en informaci\u00f3n de peque\u00f1os paquetes de datos que se intercambian entre programas inform\u00e1ticos y que permite conocer la actividad previa de \u00e9ste. El usuario tiene la opci\u00f3n de impedir la generaci\u00f3n de cookies, mediante la selecci\u00f3n de la correspondiente opci\u00f3n en su programa Navegador.<\/p>\n<p><strong>Aceptaci\u00f3n de las Condiciones de Uso<\/strong><\/p>\n<p>Las presentes Condiciones, en adelante denominado como \u201c<u>Aviso Legal<\/u>\u201d tienen por objeto regular el uso de este Web que La Compa\u00f1\u00eda pone a disposici\u00f3n del p\u00fablico en la presente URL. La utilizaci\u00f3n del sitio Web por un tercero le atribuye la condici\u00f3n de Usuario y, supone la aceptaci\u00f3n plena por dicho Usuario, de todas y cada una de las condiciones que se incorporan en el presente Aviso Legal. La Compa\u00f1\u00eda puede ofrecer a trav\u00e9s del sitio Web, servicios o productos que podr\u00e1n encontrarse sometidas a unas condiciones particulares propias que, seg\u00fan los casos, sustituyen, completan y\/o modifican el presente Aviso Legal, y sobre las cuales se informar\u00e1 al Usuario en cada caso concreto.<\/p>\n<p><strong>Propiedad Intelectual e Industrial<\/strong><\/p>\n<p>Todos los contenidos del sitio Web, salvo que se indique lo contrario, son titularidad exclusiva de La Compa\u00f1\u00eda o de terceros que han autorizado su inclusi\u00f3n en el sitio Web y, con car\u00e1cter enunciativo, pero no limitativo, el dise\u00f1o gr\u00e1fico, c\u00f3digo fuente, logos, textos, gr\u00e1ficos, ilustraciones, fotograf\u00edas, dem\u00e1s elementos que aparecen en el sitio Web. Igualmente, todos los nombres comerciales, marcas o signos distintivos de cualquier clase contenidos en el sitio Web est\u00e1n protegidos por la Ley. La Compa\u00f1\u00eda no concede ning\u00fan tipo de licencia o autorizaci\u00f3n de uso personal al Usuario sobre sus derechos de propiedad intelectual e industrial o sobre cualquier otro derecho relacionado con su Web y los servicios ofrecidos en la misma. Por ello, el Usuario reconoce que la reproducci\u00f3n, distribuci\u00f3n, comercializaci\u00f3n, transformaci\u00f3n, y en general, cualquier otra forma de explotaci\u00f3n, por cualquier procedimiento, de todo o parte de los contenidos de este sitio Web constituye una infracci\u00f3n de los derechos de propiedad intelectual y\/o industrial de La Compa\u00f1\u00eda o del titular de los mismos.<\/p>\n<p><strong>Responsabilidad por el Funcionamiento de la Web<\/strong><\/p>\n<p>La Compa\u00f1\u00eda excluye toda responsabilidad que se pudiera derivar de interferencias, omisiones, interrupciones, virus inform\u00e1ticos, aver\u00edas telef\u00f3nicas o desconexiones en el funcionamiento operativo del sistema electr\u00f3nico, motivado por causas ajenas a La Compa\u00f1\u00eda. Asimismo, La Compa\u00f1\u00eda tambi\u00e9n excluye cualquier responsabilidad que pudiera derivarse por retrasos o bloqueos en el funcionamiento operativo de este sistema electr\u00f3nico causado por deficiencias o sobre carga en las l\u00edneas telef\u00f3nicas o en Internet, as\u00ed como de da\u00f1os causados por terceras personas mediante intromisiones ilegitimas fuera del control de La Compa\u00f1\u00eda. La Compa\u00f1\u00eda esta facultada para suspender temporalmente, y sin previo aviso, la accesibilidad al sitio Web con motivo de operaciones de mantenimiento, reparaci\u00f3n, actualizaci\u00f3n o mejora.<\/p>\n<p>Adicionalmente, cabe mencionar que\u00a0quick.cl<strong>\u00a0<\/strong>podr\u00eda disponer de dispositivos t\u00e9cnicos de enlace (tales como links, banners, botones), directorios y herramientas de b\u00fasqueda, que permitan al Usuario acceder a sitios web pertenecientes a terceros. La instalaci\u00f3n de estos enlaces, directorios y herramientas de b\u00fasqueda en el sitio web tienen por \u00fanico objeto facilitar al Usuario la b\u00fasqueda y acceso de otros sitios disponibles en Internet. Con todo, los sitios enlazados no est\u00e1n bajo el control de la Compa\u00f1\u00eda, quien no es responsable por los contenidos de cualquier sitio enlazado, incluyendo, sin excepci\u00f3n, cualquier enlace contenido en un sitio enlazado o cualquier cambio o actualizaciones a un sitio enlazado, como as\u00ed tambi\u00e9n, de pruebas de web o cualquier otra forma de transmisi\u00f3n recibida de cualquier sitio enlazado. De esta forma, la Compa\u00f1\u00eda\u00a0s\u00f3lo provee estos enlaces para conveniencia del Usuario, pero sin implicar la inclusi\u00f3n de cualquier enlace respaldo del sitio del tercero o cualquier asociaci\u00f3n con sus operadores. Por lo tanto, el ingreso a un sitio enlazado es de \u00fanica y exclusiva responsabilidad del Usuario.<\/p>\n<p><strong>\u00a0<\/strong><\/p>\n<p><strong>Modificaciones de las Condiciones de Uso<\/strong><\/p>\n<p>La Compa\u00f1\u00eda se reserva el derecho a modificar, desarrollar o actualizar en cualquier momento y sin previa notificaci\u00f3n, el Aviso Legal del presente sitio Web. El Usuario quedar\u00e1 obligado autom\u00e1ticamente por el Aviso Legal que se halle vigente en el momento en que acceda al sitio Web, por lo que deber\u00e1 leer peri\u00f3dicamente dicho Aviso Legal.<\/p>\n<p><strong>De la Separabilidad.<\/strong><\/p>\n<p>Si cualquiera de las cl\u00e1usulas o previsiones de los T\u00e9rminos y Condiciones,\u00a0\u00a0resultare inv\u00e1lida, inoponible o ineficaz, dicha invalidez, inoponibilidad o ineficacia: (i) no afectar\u00e1 el resto de las cl\u00e1usulas de los T\u00e9rminos y Condiciones, y (ii) se arbitrar\u00e1n todos los mecanismos posibles para encuadrar la situaci\u00f3n dentro de un marco jur\u00eddico, contable e impositivo v\u00e1lido que deber\u00e1 responder a id\u00e9nticos fines a los tenidos en cuenta a los fines de la redacci\u00f3n de la cl\u00e1usula o previsi\u00f3n que luego hubiere resultado inv\u00e1lida, inoponible o ineficaz.<\/p>\n<p>Adem\u00e1s, cabe se\u00f1alar que los subt\u00edtulos o encabezamientos han sido incluidos s\u00f3lo con fines de referencia y no afectar\u00e1n la interpretaci\u00f3n de los T\u00e9rminos y Condiciones, ni ser\u00e1n considerados en su interpretaci\u00f3n, y no se les atribuir\u00e1 ning\u00fan sentido sustancial en contra de sus cl\u00e1usulas.<\/p>\n<p><strong>Identidad del Titular de la Web<\/strong><\/p>\n<p>La compa\u00f1\u00eda titular de la Web es QUICK SpA, Hernando de Aguirre 268 piso 7 oficina 702 Providencia, Regi\u00f3n Metropolitana.<\/p>\n<p><strong>Legislaci\u00f3n Aplicable y Competencia Jurisdiccional<\/strong><\/p>\n<p>Todas las controversias o reclamaciones surgidas de la interpretaci\u00f3n o ejecuci\u00f3n del presente Aviso Legal se regir\u00e1n por la legislaci\u00f3n chilena, siendo competentes los tribunales ordinarios con asiento en la ciudad de Santiago de Chile.<\/p>\n<\/div>\n<\/div>\n<\/div>\n<\/div>\n<\/div>\n<\/div>\n<\/div>\n<\/div>\n<\/div>\n<p>[\/vc_column_text][\/vc_column][\/vc_row]<\/p>\n","protected":false},"excerpt":{"rendered":"<p>Bienvenido al sitio web de Quick SpA, en adelante indistintamente \u201cQuick\u201d o la \u201cCompa\u00f1\u00eda\u201d, cuya direcci\u00f3n electr\u00f3nica es http:\/\/www.quick.cl en adelante &#8220;quick.cl\u201d. Al ingresar a este sitio web, para los efectos legales que correspondan, usted acepta y reconoce los presentes t\u00e9rminos y condiciones de uso, en adelante los &#8220;T\u00e9rminos y Condiciones&#8220;, que deber\u00e1n ser cumplidos [&hellip;]<\/p>\n","protected":false},"author":1,"featured_media":0,"parent":0,"menu_order":0,"comment_status":"closed","ping_status":"closed","template":"","meta":{"footnotes":""},"class_list":["post-157","page","type-page","status-publish","hentry"],"_links":{"self":[{"href":"https:\/\/quick.cl\/en\/wp-json\/wp\/v2\/pages\/157","targetHints":{"allow":["GET"]}}],"collection":[{"href":"https:\/\/quick.cl\/en\/wp-json\/wp\/v2\/pages"}],"about":[{"href":"https:\/\/quick.cl\/en\/wp-json\/wp\/v2\/types\/page"}],"author":[{"embeddable":true,"href":"https:\/\/quick.cl\/en\/wp-json\/wp\/v2\/users\/1"}],"replies":[{"embeddable":true,"href":"https:\/\/quick.cl\/en\/wp-json\/wp\/v2\/comments?post=157"}],"version-history":[{"count":4,"href":"https:\/\/quick.cl\/en\/wp-json\/wp\/v2\/pages\/157\/revisions"}],"predecessor-version":[{"id":676,"href":"https:\/\/quick.cl\/en\/wp-json\/wp\/v2\/pages\/157\/revisions\/676"}],"wp:attachment":[{"href":"https:\/\/quick.cl\/en\/wp-json\/wp\/v2\/media?parent=157"}],"curies":[{"name":"wp","href":"https:\/\/api.w.org\/{rel}","templated":true}]}}