{"id":161,"date":"2022-10-20T15:02:26","date_gmt":"2022-10-20T20:02:26","guid":{"rendered":"https:\/\/quick.cl\/?page_id=161"},"modified":"2025-01-06T14:24:43","modified_gmt":"2025-01-06T19:24:43","slug":"politica-vial","status":"publish","type":"page","link":"https:\/\/quick.cl\/en\/politica-vial\/","title":{"rendered":"INTEGRAL ROAD SAFETY POLICIES"},"content":{"rendered":"<h4>INTRODUCCI\u00d3N<\/h4>\n<p>Este documento expone las pol\u00edticas para promover la seguridad vial de todos los empleados de\u00a0<strong>Quick Help S.A.S<\/strong>, que hacen parte integral del Plan Estrat\u00e9gico de Seguridad Vial, definido por la compa\u00f1\u00eda y es de amplia y completa divulgaci\u00f3n con el personal de la compa\u00f1\u00eda, por medio de inducciones, capacitaciones, charlas de seguridad, material escrito y campa\u00f1as de sensibilizaci\u00f3n, entre otros.<\/p>\n<p>Ante el incumplimiento de cualquiera de los siguientes elementos se proceder\u00e1 disciplinariamente, de acuerdo con los procedimientos internos de Talento Humano.<\/p>\n<h4>POL\u00cdTICA GENERAL DE SEGURIDAD VIAL<\/h4>\n<p><strong>Quick Help S.A.S<\/strong>, se compromete a gestionar de manera segura la movilidad de todos los colaboradores, de planta y contratistas, mediante la asignaci\u00f3n de recursos necesarios para el desarrollo de actividades encaminadas a fomentar la cultura vial en los diferentes actores de la v\u00eda, la mejora continua de los procesos y el cumplimiento de la legislaci\u00f3n nacional vigente.<\/p>\n<p><strong>Quick Help S.A.S<\/strong>, establece que la identificaci\u00f3n, an\u00e1lisis, control de los riesgos de la operaci\u00f3n de transporte y movilizaci\u00f3n deben estar inmersos en cada una de las actividades diarias, y para tal efecto determina:<\/p>\n<ol>\n<li>El consumo de alcohol, tabaco y\/o sustancias psicoactivas est\u00e1 prohibido durante la operaci\u00f3n.<\/li>\n<li>El cumplimiento de los l\u00edmites de velocidad, establecidos a nivel nacional, es obligatorio en todas las v\u00edas nacionales, urbanas y\/o rurales.<\/li>\n<li>El uso de sistemas de comunicaci\u00f3n m\u00f3vil est\u00e1 prohibido cuando el veh\u00edculo se encuentre en operaci\u00f3n.<\/li>\n<li>El uso de cintur\u00f3n de seguridad es obligatorio para todos los ocupantes del veh\u00edculo.<\/li>\n<li>El uso de los Elementos de Protecci\u00f3n Personal es obligatorio, de acuerdo al tipo de veh\u00edculo y operaci\u00f3n.<\/li>\n<li>El mantenimiento de los veh\u00edculos se debe ejecutar de acuerdo al cumplimiento de la normatividad legal.<\/li>\n<\/ol>\n<p>La presente pol\u00edtica es de obligatorio cumplimiento para todo el personal de planta de Quick y contratistas que desarrollen actividades para Quick.<\/p>\n<p>La Pol\u00edtica de Seguridad Vial se divulga al personal durante la Vinculaci\u00f3n, Inducci\u00f3n, Reinducci\u00f3n HSE y actividades de formaci\u00f3n y entrenamiento, relacionados con la seguridad vial; as\u00ed como, su publicaci\u00f3n en sistema de gesti\u00f3n documental Kawak y carteleras de las instalaciones de Quick y de los centros de trabajo cuando sea posible.<\/p>\n<p>Para el cumplimiento de las pol\u00edticas, la Direcci\u00f3n ejecutiva asigna los recursos financieros, humanos y t\u00e9cnicos necesarios, ser\u00e1 un compromiso de los trabajadores el cumplimiento de la pol\u00edtica aprobada el 06 de junio de 2017.<\/p>\n<h4>POL\u00cdTICA DE REGULACI\u00d3N DE HORAS DE CONDUCCI\u00d3N Y DESCANSO<\/h4>\n<p><strong>Quick Help S.A.S<\/strong>, busca garantizar un \u00f3ptimo desempe\u00f1o de sus operaciones dentro del marco de la seguridad vial e industrial. Igualmente, dentro de estas pol\u00edticas se implementar\u00e1 la pr\u00e1ctica de pausas activas como una medida obligatoria para promover y regular el adecuado descanso de los conductores. En consecuencia, los programas que se implementen bajo esta pol\u00edtica deber\u00e1n:<\/p>\n<ol>\n<li>Establecer tiempos de reposo y descanso para prevenir la fatiga.<\/li>\n<li>Establecer pausas activas de 15 minutos por cada 4 o 5 horas continuas de conducci\u00f3n. (Ejercicios de estiramiento).<\/li>\n<li>Incluir temas de capacitaci\u00f3n sobre h\u00e1bitos de sue\u00f1o y descanso, nutrici\u00f3n y ejercicio los cuales pueden prevenir la fatiga en los trabajadores.<\/li>\n<li>Hacer seguimiento y evaluar los incidentes o accidentes de tr\u00e1nsito con probabilidad de causalidad por el cansancio o fatiga.<\/li>\n<li>Los conductores no podr\u00e1n exceder la jornada de servicio estipulada en 8 horas m\u00e1ximo por d\u00eda, y deben cumplir con un descanso m\u00ednimo de 7 horas diarias.<\/li>\n<\/ol>\n<h4>POL\u00cdTICA DE REGULACI\u00d3N DE VELOCIDAD<\/h4>\n<p>Sin excepci\u00f3n todos los conductores de\u00a0<strong>Quick Help S.A.S<\/strong>, contratistas, subcontratistas y grupos de inter\u00e9s, que transportan a miembros de la mercanc\u00eda del cliente o terceros, deben cumplir con los l\u00edmites de velocidad establecidos en la normatividad vigente (C\u00f3digo Nacional de Tr\u00e1nsito) y los l\u00edmites establecidos para las instalaciones de\u00a0<strong>Quick Help S.A.S<\/strong>\u00a0y sus clientes. Sin perjuicio de lo anterior, en ning\u00fan caso un veh\u00edculo al servicio de\u00a0<strong>Quick Help S.A.S.<\/strong>, deber\u00e1 exceder la velocidad de 80 Km\/h en carreteras nacionales o departamentales, 60 Km\/h en v\u00edas urbanas y carreteras municipales, y 30 Km\/h en zonas escolares o residenciales.<\/p>\n<h4>POL\u00cdTICA DE USO DEL CINTUR\u00d3N DE SEGURIDAD<\/h4>\n<p>El cintur\u00f3n de seguridad, es de uso obligatorio por parte de conductores de veh\u00edculos que se encuentren al servicio de\u00a0<strong>Quick Help S.A.S<\/strong>\u00a0y por los pasajeros ubicados en los asientos delanteros o traseros del veh\u00edculo, en todas las v\u00edas del territorio nacional incluyendo las urbanas, y a\u00fan en trayectos cortos de acuerdo a la normatividad vigente C\u00f3digo Nacional de Tr\u00e1nsito.<\/p>\n<p>El conductor y el usuario que utilicen asientos con cintur\u00f3n de seguridad instalado, deber\u00e1n utilizarlo de manera apropiada durante la conducci\u00f3n normal del veh\u00edculo de tal forma que no limite la libertad de movimiento del conductor y del usuario y se reduzca el riesgo de da\u00f1os corporales en un accidente eventual.<\/p>\n<h4>POL\u00cdTICA DE USO ELEMENTOS DE PROTECCI\u00d3N PERSONAL<\/h4>\n<p><strong>Quick Help S.A.S<\/strong>, suministra a los trabajadores elementos adecuados de protecci\u00f3n para evitar los accidentes y enfermedades laborales de tal forma que se garantice razonablemente la seguridad y la salud en el trabajo. Para que estos equipos y elementos de protecci\u00f3n personal ofrezcan al trabajador la protecci\u00f3n requerida se consideran los siguientes aspectos:<\/p>\n<ol>\n<li>Asegurar la asignaci\u00f3n de los recursos necesarios para el suministro de elementos y equipos de protecci\u00f3n personal requeridos.<\/li>\n<li>Suministrar los equipos y elementos de protecci\u00f3n personal certificados, adecuados seg\u00fan la naturaleza del riesgo, la exigencia de nuestros asociados de negocio, su uso y la matriz de EPP, de modo tal que re\u00fanan las condiciones de seguridad y eficiencia para el usuario.<\/li>\n<li>Capacitar en el uso y cuidado de los elementos y equipos de protecci\u00f3n personal.<\/li>\n<li>Inspeccionar peri\u00f3dicamente el uso y estado de los elementos y equipos de protecci\u00f3n personal.<\/li>\n<li>Reponer inmediatamente los elementos y equipos de protecci\u00f3n personal deteriorados.<\/li>\n<\/ol>\n<p>Es responsabilidad de los empleados de la compa\u00f1\u00eda:<\/p>\n<ol>\n<li>Utilizar adecuadamente, con car\u00e1cter obligatorio, los equipos y elementos de protecci\u00f3n personal asignados, por compromiso con su propia seguridad.<\/li>\n<li>Cuidar correctamente los elementos y equipos de protecci\u00f3n personal requeridos para el uso exclusivo en las labores de la empresa.<\/li>\n<li>Reportar al Jefe Inmediato y\/o personal de HSE la falta o deterioro de los elementos y equipos de protecci\u00f3n personal.<\/li>\n<li>No iniciar labores si no dispone de los elementos o equipos de protecci\u00f3n personal requeridos seg\u00fan la naturaleza del riesgo.<\/li>\n<li>Reportar el no uso o uso inadecuado de los elementos y equipos de protecci\u00f3n personal por parte de sus compa\u00f1eros o personal a cargo. De acuerdo al rol desempe\u00f1ando dentro del Decreto \u00fanico reglamentario 1072 de 2015 es obligaci\u00f3n de los trabajadores utilizar los elementos de protecci\u00f3n personal exigidos por la Normatividad vigente en la materia.<\/li>\n<\/ol>\n<h4>POL\u00cdTICA DE NO USO DE EQUIPOS M\u00d3VILES<\/h4>\n<p>El uso de equipos de comunicaci\u00f3n est\u00e1 prohibido mientras se conduce un veh\u00edculo al servicio de\u00a0<strong>Quick Help S.A.S.<\/strong>\u00a0Los siguientes son los requisitos m\u00ednimos de operaci\u00f3n:<\/p>\n<ol>\n<li>El uso de tel\u00e9fonos m\u00f3viles, asistentes digitales personales (PDA), impresoras, dispositivos de mano, tabletas, dispositivos convergentes, dispositivos de mensajes de texto, computadoras y otros dispositivos electr\u00f3nicos m\u00f3viles (ya sea de otra persona o de propiedad de la compa\u00f1\u00eda) est\u00e1 prohibido cuando el veh\u00edculo est\u00e1 en movimiento. El uso de dispositivos de manos libres mientras el veh\u00edculo est\u00e1 en movimiento tambi\u00e9n est\u00e1 prohibido.<\/li>\n<li>Si es necesario realizar una llamada del tel\u00e9fono m\u00f3vil en cualquier momento mientras se conduce un veh\u00edculo, el conductor deber\u00e1 detener el veh\u00edculo en un lugar seguro donde pueda realizar la llamada.<\/li>\n<li>Los conductores no llevar\u00e1n auriculares u otros dispositivos mientras se conduce un veh\u00edculo.<\/li>\n<li>Los sistemas de GPS se programar\u00e1n antes de iniciar el viaje y no durante el transcurso de la operaci\u00f3n del veh\u00edculo. El uso de mapas para planificar rutas tambi\u00e9n debe ser completado antes de operar el veh\u00edculo.<\/li>\n<\/ol>\n<h4>POL\u00cdTICA DE MANTENIMIENTOS DE VEHICULOS<\/h4>\n<p><strong>Quick Help S.A.S<\/strong>, busca garantizar un \u00f3ptimo desempe\u00f1o de sus operaciones dentro del marco de la seguridad vial e industrial. Por lo que todos los propietarios y conductores de veh\u00edculos al servicio de compa\u00f1\u00eda deben realizar los mantenimientos de sus veh\u00edculos cumpliendo la normatividad legal vigente en materia, para tal fin deben garantizar:<\/p>\n<ol>\n<li>Realizarse en los tiempos y seg\u00fan las especificaciones t\u00e9cnicas definidas por el fabricante.<\/li>\n<li>En caso de identificarse una falla en los veh\u00edculos deber\u00e1 dirigirse a un Centro mec\u00e1nico y notificar a su jefe inmediato.<\/li>\n<li>Ejecutados por personal id\u00f3neo y competente, con herramientas y equipos originales u homologados para la funci\u00f3n, y de Centro mec\u00e1nico reconocido y avalado por el Ministerio de Transporte o el fabricante.<\/li>\n<li>Garantizar que las partes que se utilicen en las reparaciones sean originales u homologadas por el fabricante.<\/li>\n<li>Cada conductor y propietario es responsable del seguimiento y cumplimiento del Plan de mantenimiento de su veh\u00edculo, asumiendo los respectivos costos, y deber\u00e1 reportar al \u00e1rea de seguridad y al Coordinador o L\u00edder del proceso.<\/li>\n<li>Cumplimiento de estrategias establecidas por la compa\u00f1\u00eda en movilidad, ambiental, seguridad y salud en el trabajo, y calidad.<\/li>\n<\/ol>\n<p>Como control de la organizaci\u00f3n se defini\u00f3 que, el \u00e1rea de seguridad en conjunto con los Coordinadores y L\u00edderes de las operaciones y proyectos, verificar peri\u00f3dicamente:<\/p>\n<ol>\n<li>El cumplimiento de los cronogramas de mantenimiento de los veh\u00edculos al servicio de Quick.<\/li>\n<li>Los registros documentales (factura y actas de disposici\u00f3n por parte del centro de mantenimiento) aportados por cada conductor.<\/li>\n<li>La actualizaci\u00f3n constante de las carpetas de los veh\u00edculos con los soportes de mantenimientos preventivos y correctivos.<\/li>\n<\/ol>\n<p>[\/vc_column_text][\/vc_column][\/vc_row]<\/p>\n","protected":false},"excerpt":{"rendered":"<p>INTRODUCCI\u00d3N Este documento expone las pol\u00edticas para promover la seguridad vial de todos los empleados de\u00a0Quick Help S.A.S, que hacen parte integral del Plan Estrat\u00e9gico de Seguridad Vial, definido por la compa\u00f1\u00eda y es de amplia y completa divulgaci\u00f3n con el personal de la compa\u00f1\u00eda, por medio de inducciones, capacitaciones, charlas de seguridad, material escrito [&hellip;]<\/p>\n","protected":false},"author":1,"featured_media":0,"parent":0,"menu_order":0,"comment_status":"closed","ping_status":"closed","template":"","meta":{"footnotes":""},"class_list":["post-161","page","type-page","status-publish","hentry"],"_links":{"self":[{"href":"https:\/\/quick.cl\/en\/wp-json\/wp\/v2\/pages\/161","targetHints":{"allow":["GET"]}}],"collection":[{"href":"https:\/\/quick.cl\/en\/wp-json\/wp\/v2\/pages"}],"about":[{"href":"https:\/\/quick.cl\/en\/wp-json\/wp\/v2\/types\/page"}],"author":[{"embeddable":true,"href":"https:\/\/quick.cl\/en\/wp-json\/wp\/v2\/users\/1"}],"replies":[{"embeddable":true,"href":"https:\/\/quick.cl\/en\/wp-json\/wp\/v2\/comments?post=161"}],"version-history":[{"count":2,"href":"https:\/\/quick.cl\/en\/wp-json\/wp\/v2\/pages\/161\/revisions"}],"predecessor-version":[{"id":696,"href":"https:\/\/quick.cl\/en\/wp-json\/wp\/v2\/pages\/161\/revisions\/696"}],"wp:attachment":[{"href":"https:\/\/quick.cl\/en\/wp-json\/wp\/v2\/media?parent=161"}],"curies":[{"name":"wp","href":"https:\/\/api.w.org\/{rel}","templated":true}]}}